{"id":11,"date":"2020-11-01T12:16:47","date_gmt":"2020-11-01T12:16:47","guid":{"rendered":"http:\/\/gemeinsam-fuer-morgen.eu\/?page_id=11"},"modified":"2021-04-19T15:05:04","modified_gmt":"2021-04-19T14:05:04","slug":"mitglied-werden","status":"publish","type":"page","link":"https:\/\/gemeinsam-fuer-morgen.eu\/?page_id=11","title":{"rendered":"Mitglied werden"},"content":{"rendered":"\n<p>Manche von Euch fragen sich vielleicht, warum sie Mitglied bei uns werden sollten.&nbsp;<\/p>\n\n\n\n<p>Wir m\u00f6chten mit unserem Verein Menschen zusammen bringen, um Ideen austauschen und nach und nach kleine und gro\u00dfe Dinge in unserem Alltag und unserer Umgebung ver\u00e4ndern. F\u00fcr ein besseres Morgen.<\/p>\n\n\n\n<p>Denn wir sind \u00fcberzeugt: \u201eViele kleine Leute, die an vielen kleinen Orten, viele kleine Dinge tun, k\u00f6nnen das Gesicht der Welt ver\u00e4ndern\u201c (afrikanisches Sprichwort).&nbsp;<\/p>\n\n\n\n<p>Dazu laden wir Euch von Herzen ein! Es geht nur gemeinsam \u2013 der Verein selbst kann die Welt und B\u00f6tzingen nicht rettenJ<\/p>\n\n\n\n<p>Mit Eurem Mitgliedsbeitrag (Einzelpersonen 15\u20ac, Familien 25\u20ac) k\u00f6nnen wir Aktionen durchf\u00fchren, zum Beispiel B\u00e4ume pflanzen, Blumenbeete anlegen, Aktionstage rund um das Fahrrad anbieten und und und\u2026<\/p>\n\n\n\n<p>Au\u00dferdem brauchen wir Mitstreiter, die hin und wieder bei Projekten mithelfen, mitdenken oder mitplanen. Das muss selbst bei aktiven Mitgliedern nicht immer der Fall sein, denn den Umfang kann jeder selbst bestimmen \u2013 je nachdem, welche Themen Euch interessieren und wie viel Zeit Ihr gerade investieren k\u00f6nnt.<\/p>\n\n\n\n<p>Mit Eurer Mitgliedschaft setzt Ihr ein Zeichen, dass Euch die Themen<\/p>\n\n\n\n<figure class=\"wp-block-image\"><img loading=\"lazy\" decoding=\"async\" width=\"712\" height=\"420\" src=\"http:\/\/gemeinsam-fuer-morgen.eu\/wp-content\/uploads\/2020\/11\/Logo-GfM_Text_20201009.png\" alt=\"\" class=\"wp-image-37\" srcset=\"https:\/\/gemeinsam-fuer-morgen.eu\/wp-content\/uploads\/2020\/11\/Logo-GfM_Text_20201009.png 712w, https:\/\/gemeinsam-fuer-morgen.eu\/wp-content\/uploads\/2020\/11\/Logo-GfM_Text_20201009-300x177.png 300w\" sizes=\"auto, (max-width: 712px) 100vw, 712px\" \/><\/figure>\n\n\n\n<p>am Herzen liegen. Je mehr Begeisterte wir sind, desto st\u00e4rker k\u00f6nnen wir uns bei kommunalen Entscheidungen mit einbringen.<\/p>\n\n\n\n<p>Wer kein aktives Mitglied werden m\u00f6chte, aber dennoch Interesse an unserem Verein hat, kann auch nur eine reine F\u00f6rdermitgliedschaft abschlie\u00dfen.&nbsp;<\/p>\n\n\n\n<p>Gerne k\u00f6nnt Ihr uns pers\u00f6nlich ansprechen oder uns eine E-Mail schreiben an <a href=\"mailto: info@gemeinsam-fuer-morgen.eu\">info@gemeinsam-fuer-morgen.eu<\/a>! Wir freuen uns \u00fcber jedes Mitglied.<\/p>\n\n\n\n<p>Wir freuen uns \u00fcber jedes neue Vereinsmitglied. <\/p>\n\n\n\n<p>Alles weitere im <\/p>\n\n\n\n<div class=\"wp-block-file\"><a href=\"http:\/\/gemeinsam-fuer-morgen.eu\/wp-content\/uploads\/2020\/11\/Gemeinsam-fuer-Morgen-Aufnahmeantrag-DINA4.pdf\">Gemeinsam f\u00fcr Morgen Aufnahmeantrag <\/a><a href=\"http:\/\/gemeinsam-fuer-morgen.eu\/wp-content\/uploads\/2020\/11\/Gemeinsam-fuer-Morgen-Aufnahmeantrag-DINA4.pdf\" class=\"wp-block-file__button\" download>Herunterladen<\/a><\/div>\n\n\n\n<p>Einfach herunterladen, ausf\u00fcllen, mit Unterschrift einscannen und dann den<\/p>\n\n\n\n<p>Antrag einsenden an <a href=\"mailto: antrag@gemeinsam-fuer-morgen.eu\">antrag@gemeinsam-fuer-morgen.eu<\/a>.<\/p>\n\n\n\n<p>Oder einfach einen Spaziergang machen und beim <a href=\"https:\/\/gemeinsam-fuer-morgen.eu\/?page_id=9\">Vorstand<\/a> in den Briefkasten werfen.<\/p>\n\n\n\n<p>Spenden als Unterst\u00fctzung gerne an:<\/p>\n\n\n\n<p>Gemeinsam f\u00fcr Morgen e.V.<\/p>\n\n\n\n<p>Konto:<\/p>\n\n\n\n<p>IBAN: DE63430609671118470600<\/p>\n\n\n\n<p>BIC: GENODEM1GLS<\/p>\n","protected":false},"excerpt":{"rendered":"<p>Manche von Euch fragen sich vielleicht, warum sie Mitglied bei uns werden sollten.&nbsp; Wir m\u00f6chten mit unserem Verein Menschen zusammen bringen, um Ideen austauschen und nach und nach kleine und gro\u00dfe Dinge in unserem Alltag und unserer Umgebung ver\u00e4ndern. F\u00fcr ein besseres Morgen. Denn wir sind \u00fcberzeugt: \u201eViele kleine Leute, die an vielen kleinen Orten, &hellip; <a href=\"https:\/\/gemeinsam-fuer-morgen.eu\/?page_id=11\" class=\"more-link\"><span class=\"screen-reader-text\">Mitglied werden<\/span> weiterlesen<\/a><\/p>\n","protected":false},"author":1,"featured_media":0,"parent":0,"menu_order":0,"comment_status":"closed","ping_status":"closed","template":"","meta":{"footnotes":""},"class_list":["post-11","page","type-page","status-publish","hentry"],"yoast_head":"<!-- This site is optimized with the Yoast SEO plugin v27.5 - https:\/\/yoast.com\/product\/yoast-seo-wordpress\/ -->\n<title>Mitglied werden - Gemeinsam f\u00fcr Morgen e.V.<\/title>\n<meta name=\"robots\" content=\"index, follow, max-snippet:-1, max-image-preview:large, max-video-preview:-1\" \/>\n<link rel=\"canonical\" href=\"https:\/\/gemeinsam-fuer-morgen.eu\/?page_id=11\" \/>\n<meta property=\"og:locale\" content=\"de_DE\" \/>\n<meta property=\"og:type\" content=\"article\" \/>\n<meta property=\"og:title\" content=\"Mitglied werden - Gemeinsam f\u00fcr Morgen e.V.\" \/>\n<meta property=\"og:description\" content=\"Manche von Euch fragen sich vielleicht, warum sie Mitglied bei uns werden sollten.&nbsp; Wir m\u00f6chten mit unserem Verein Menschen zusammen bringen, um Ideen austauschen und nach und nach kleine und gro\u00dfe Dinge in unserem Alltag und unserer Umgebung ver\u00e4ndern. F\u00fcr ein besseres Morgen. Denn wir sind \u00fcberzeugt: \u201eViele kleine Leute, die an vielen kleinen Orten, &hellip; Mitglied werden weiterlesen\" \/>\n<meta property=\"og:url\" content=\"https:\/\/gemeinsam-fuer-morgen.eu\/?page_id=11\" \/>\n<meta property=\"og:site_name\" content=\"Gemeinsam f\u00fcr Morgen e.V.\" \/>\n<meta property=\"article:modified_time\" content=\"2021-04-19T14:05:04+00:00\" \/>\n<meta property=\"og:image\" content=\"http:\/\/gemeinsam-fuer-morgen.eu\/wp-content\/uploads\/2020\/11\/Logo-GfM_Text_20201009.png\" \/>\n<meta name=\"twitter:card\" content=\"summary_large_image\" \/>\n<meta name=\"twitter:label1\" content=\"Gesch\u00e4tzte Lesezeit\" \/>\n\t<meta name=\"twitter:data1\" content=\"2\u00a0Minuten\" \/>\n<script type=\"application\/ld+json\" class=\"yoast-schema-graph\">{\"@context\":\"https:\\\/\\\/schema.org\",\"@graph\":[{\"@type\":\"WebPage\",\"@id\":\"https:\\\/\\\/gemeinsam-fuer-morgen.eu\\\/?page_id=11\",\"url\":\"https:\\\/\\\/gemeinsam-fuer-morgen.eu\\\/?page_id=11\",\"name\":\"Mitglied werden - Gemeinsam f\u00fcr Morgen e.V.\",\"isPartOf\":{\"@id\":\"https:\\\/\\\/gemeinsam-fuer-morgen.eu\\\/#website\"},\"primaryImageOfPage\":{\"@id\":\"https:\\\/\\\/gemeinsam-fuer-morgen.eu\\\/?page_id=11#primaryimage\"},\"image\":{\"@id\":\"https:\\\/\\\/gemeinsam-fuer-morgen.eu\\\/?page_id=11#primaryimage\"},\"thumbnailUrl\":\"http:\\\/\\\/gemeinsam-fuer-morgen.eu\\\/wp-content\\\/uploads\\\/2020\\\/11\\\/Logo-GfM_Text_20201009.png\",\"datePublished\":\"2020-11-01T12:16:47+00:00\",\"dateModified\":\"2021-04-19T14:05:04+00:00\",\"breadcrumb\":{\"@id\":\"https:\\\/\\\/gemeinsam-fuer-morgen.eu\\\/?page_id=11#breadcrumb\"},\"inLanguage\":\"de\",\"potentialAction\":[{\"@type\":\"ReadAction\",\"target\":[\"https:\\\/\\\/gemeinsam-fuer-morgen.eu\\\/?page_id=11\"]}]},{\"@type\":\"ImageObject\",\"inLanguage\":\"de\",\"@id\":\"https:\\\/\\\/gemeinsam-fuer-morgen.eu\\\/?page_id=11#primaryimage\",\"url\":\"https:\\\/\\\/gemeinsam-fuer-morgen.eu\\\/wp-content\\\/uploads\\\/2020\\\/11\\\/Logo-GfM_Text_20201009.png\",\"contentUrl\":\"https:\\\/\\\/gemeinsam-fuer-morgen.eu\\\/wp-content\\\/uploads\\\/2020\\\/11\\\/Logo-GfM_Text_20201009.png\",\"width\":712,\"height\":420},{\"@type\":\"BreadcrumbList\",\"@id\":\"https:\\\/\\\/gemeinsam-fuer-morgen.eu\\\/?page_id=11#breadcrumb\",\"itemListElement\":[{\"@type\":\"ListItem\",\"position\":1,\"name\":\"Startseite\",\"item\":\"https:\\\/\\\/gemeinsam-fuer-morgen.eu\\\/\"},{\"@type\":\"ListItem\",\"position\":2,\"name\":\"Mitglied werden\"}]},{\"@type\":\"WebSite\",\"@id\":\"https:\\\/\\\/gemeinsam-fuer-morgen.eu\\\/#website\",\"url\":\"https:\\\/\\\/gemeinsam-fuer-morgen.eu\\\/\",\"name\":\"Gemeinsam f\u00fcr Morgen e.V.\",\"description\":\"Nachhaltig in die Zukunft\",\"publisher\":{\"@id\":\"https:\\\/\\\/gemeinsam-fuer-morgen.eu\\\/#organization\"},\"potentialAction\":[{\"@type\":\"SearchAction\",\"target\":{\"@type\":\"EntryPoint\",\"urlTemplate\":\"https:\\\/\\\/gemeinsam-fuer-morgen.eu\\\/?s={search_term_string}\"},\"query-input\":{\"@type\":\"PropertyValueSpecification\",\"valueRequired\":true,\"valueName\":\"search_term_string\"}}],\"inLanguage\":\"de\"},{\"@type\":\"Organization\",\"@id\":\"https:\\\/\\\/gemeinsam-fuer-morgen.eu\\\/#organization\",\"name\":\"Gemeinsam f\u00fcr Morgen\",\"url\":\"https:\\\/\\\/gemeinsam-fuer-morgen.eu\\\/\",\"logo\":{\"@type\":\"ImageObject\",\"inLanguage\":\"de\",\"@id\":\"https:\\\/\\\/gemeinsam-fuer-morgen.eu\\\/#\\\/schema\\\/logo\\\/image\\\/\",\"url\":\"https:\\\/\\\/gemeinsam-fuer-morgen.eu\\\/wp-content\\\/uploads\\\/2020\\\/11\\\/cropped-Logo_ohneKasten_GfM-20201009-1.png\",\"contentUrl\":\"https:\\\/\\\/gemeinsam-fuer-morgen.eu\\\/wp-content\\\/uploads\\\/2020\\\/11\\\/cropped-Logo_ohneKasten_GfM-20201009-1.png\",\"width\":9999,\"height\":4991,\"caption\":\"Gemeinsam f\u00fcr Morgen\"},\"image\":{\"@id\":\"https:\\\/\\\/gemeinsam-fuer-morgen.eu\\\/#\\\/schema\\\/logo\\\/image\\\/\"}}]}<\/script>\n<!-- \/ Yoast SEO plugin. -->","yoast_head_json":{"title":"Mitglied werden - Gemeinsam f\u00fcr Morgen e.V.","robots":{"index":"index","follow":"follow","max-snippet":"max-snippet:-1","max-image-preview":"max-image-preview:large","max-video-preview":"max-video-preview:-1"},"canonical":"https:\/\/gemeinsam-fuer-morgen.eu\/?page_id=11","og_locale":"de_DE","og_type":"article","og_title":"Mitglied werden - Gemeinsam f\u00fcr Morgen e.V.","og_description":"Manche von Euch fragen sich vielleicht, warum sie Mitglied bei uns werden sollten.&nbsp; Wir m\u00f6chten mit unserem Verein Menschen zusammen bringen, um Ideen austauschen und nach und nach kleine und gro\u00dfe Dinge in unserem Alltag und unserer Umgebung ver\u00e4ndern. F\u00fcr ein besseres Morgen. Denn wir sind \u00fcberzeugt: \u201eViele kleine Leute, die an vielen kleinen Orten, &hellip; Mitglied werden weiterlesen","og_url":"https:\/\/gemeinsam-fuer-morgen.eu\/?page_id=11","og_site_name":"Gemeinsam f\u00fcr Morgen e.V.","article_modified_time":"2021-04-19T14:05:04+00:00","og_image":[{"url":"http:\/\/gemeinsam-fuer-morgen.eu\/wp-content\/uploads\/2020\/11\/Logo-GfM_Text_20201009.png","type":"","width":"","height":""}],"twitter_card":"summary_large_image","twitter_misc":{"Gesch\u00e4tzte Lesezeit":"2\u00a0Minuten"},"schema":{"@context":"https:\/\/schema.org","@graph":[{"@type":"WebPage","@id":"https:\/\/gemeinsam-fuer-morgen.eu\/?page_id=11","url":"https:\/\/gemeinsam-fuer-morgen.eu\/?page_id=11","name":"Mitglied werden - Gemeinsam f\u00fcr Morgen e.V.","isPartOf":{"@id":"https:\/\/gemeinsam-fuer-morgen.eu\/#website"},"primaryImageOfPage":{"@id":"https:\/\/gemeinsam-fuer-morgen.eu\/?page_id=11#primaryimage"},"image":{"@id":"https:\/\/gemeinsam-fuer-morgen.eu\/?page_id=11#primaryimage"},"thumbnailUrl":"http:\/\/gemeinsam-fuer-morgen.eu\/wp-content\/uploads\/2020\/11\/Logo-GfM_Text_20201009.png","datePublished":"2020-11-01T12:16:47+00:00","dateModified":"2021-04-19T14:05:04+00:00","breadcrumb":{"@id":"https:\/\/gemeinsam-fuer-morgen.eu\/?page_id=11#breadcrumb"},"inLanguage":"de","potentialAction":[{"@type":"ReadAction","target":["https:\/\/gemeinsam-fuer-morgen.eu\/?page_id=11"]}]},{"@type":"ImageObject","inLanguage":"de","@id":"https:\/\/gemeinsam-fuer-morgen.eu\/?page_id=11#primaryimage","url":"https:\/\/gemeinsam-fuer-morgen.eu\/wp-content\/uploads\/2020\/11\/Logo-GfM_Text_20201009.png","contentUrl":"https:\/\/gemeinsam-fuer-morgen.eu\/wp-content\/uploads\/2020\/11\/Logo-GfM_Text_20201009.png","width":712,"height":420},{"@type":"BreadcrumbList","@id":"https:\/\/gemeinsam-fuer-morgen.eu\/?page_id=11#breadcrumb","itemListElement":[{"@type":"ListItem","position":1,"name":"Startseite","item":"https:\/\/gemeinsam-fuer-morgen.eu\/"},{"@type":"ListItem","position":2,"name":"Mitglied werden"}]},{"@type":"WebSite","@id":"https:\/\/gemeinsam-fuer-morgen.eu\/#website","url":"https:\/\/gemeinsam-fuer-morgen.eu\/","name":"Gemeinsam f\u00fcr Morgen e.V.","description":"Nachhaltig in die Zukunft","publisher":{"@id":"https:\/\/gemeinsam-fuer-morgen.eu\/#organization"},"potentialAction":[{"@type":"SearchAction","target":{"@type":"EntryPoint","urlTemplate":"https:\/\/gemeinsam-fuer-morgen.eu\/?s={search_term_string}"},"query-input":{"@type":"PropertyValueSpecification","valueRequired":true,"valueName":"search_term_string"}}],"inLanguage":"de"},{"@type":"Organization","@id":"https:\/\/gemeinsam-fuer-morgen.eu\/#organization","name":"Gemeinsam f\u00fcr Morgen","url":"https:\/\/gemeinsam-fuer-morgen.eu\/","logo":{"@type":"ImageObject","inLanguage":"de","@id":"https:\/\/gemeinsam-fuer-morgen.eu\/#\/schema\/logo\/image\/","url":"https:\/\/gemeinsam-fuer-morgen.eu\/wp-content\/uploads\/2020\/11\/cropped-Logo_ohneKasten_GfM-20201009-1.png","contentUrl":"https:\/\/gemeinsam-fuer-morgen.eu\/wp-content\/uploads\/2020\/11\/cropped-Logo_ohneKasten_GfM-20201009-1.png","width":9999,"height":4991,"caption":"Gemeinsam f\u00fcr Morgen"},"image":{"@id":"https:\/\/gemeinsam-fuer-morgen.eu\/#\/schema\/logo\/image\/"}}]}},"_links":{"self":[{"href":"https:\/\/gemeinsam-fuer-morgen.eu\/index.php?rest_route=\/wp\/v2\/pages\/11","targetHints":{"allow":["GET"]}}],"collection":[{"href":"https:\/\/gemeinsam-fuer-morgen.eu\/index.php?rest_route=\/wp\/v2\/pages"}],"about":[{"href":"https:\/\/gemeinsam-fuer-morgen.eu\/index.php?rest_route=\/wp\/v2\/types\/page"}],"author":[{"embeddable":true,"href":"https:\/\/gemeinsam-fuer-morgen.eu\/index.php?rest_route=\/wp\/v2\/users\/1"}],"replies":[{"embeddable":true,"href":"https:\/\/gemeinsam-fuer-morgen.eu\/index.php?rest_route=%2Fwp%2Fv2%2Fcomments&post=11"}],"version-history":[{"count":12,"href":"https:\/\/gemeinsam-fuer-morgen.eu\/index.php?rest_route=\/wp\/v2\/pages\/11\/revisions"}],"predecessor-version":[{"id":540,"href":"https:\/\/gemeinsam-fuer-morgen.eu\/index.php?rest_route=\/wp\/v2\/pages\/11\/revisions\/540"}],"wp:attachment":[{"href":"https:\/\/gemeinsam-fuer-morgen.eu\/index.php?rest_route=%2Fwp%2Fv2%2Fmedia&parent=11"}],"curies":[{"name":"wp","href":"https:\/\/api.w.org\/{rel}","templated":true}]}}