{"id":1175,"date":"2024-05-22T10:36:42","date_gmt":"2024-05-22T09:36:42","guid":{"rendered":"https:\/\/gemeinsam-fuer-morgen.eu\/?page_id=1175"},"modified":"2024-05-22T10:52:31","modified_gmt":"2024-05-22T09:52:31","slug":"energie-ortsgruppe-buergerenergie-kaiserstuhl-bekaenergie","status":"publish","type":"page","link":"https:\/\/gemeinsam-fuer-morgen.eu\/?page_id=1175","title":{"rendered":"Energie \u2013 Ortsgruppe B\u00fcrgerenergie Kaiserstuhl (BEKA)Energie"},"content":{"rendered":"\n<p>Der erfolgreich durchgef\u00fchrte Energiewendetag (<a href=\"https:\/\/gemeinsam-fuer-morgen.eu\/?p=975\">klick<\/a>) im April 2023, der von der Arbeitsgruppe \u201eEnergie\u201c von Gemeinsam f\u00fcr MORGEN e.V. vorbereitet wurde, markierte den Anfang der B\u00fcrgerenergie f\u00fcr B\u00f6tzingen.<\/p>\n\n\n\n<p>Die aktive Ortsgruppe B\u00f6tzingen hat sich mittlerweile mehrmals getroffen und erste Projekte ausfindig gemacht. Diese werden in n\u00e4chster Zeit mit der Gemeindeverwaltung und anderen Ansprechpartner*innen besprochen.<\/p>\n\n\n\n<p>Bisher aktiv in der aktiven Ortsgruppe sind:<\/p>\n\n\n\n<p>Dominik Krakutsch&nbsp;&nbsp;&nbsp;&nbsp;&nbsp;&nbsp;&nbsp;&nbsp;&nbsp;&nbsp;&nbsp;&nbsp;&nbsp; Sprecher der aktiven Ortsgruppe<\/p>\n\n\n\n<p>Harald Henninger&nbsp;&nbsp;&nbsp;&nbsp;&nbsp;&nbsp;&nbsp;&nbsp;&nbsp;&nbsp;&nbsp;&nbsp;&nbsp;&nbsp;&nbsp; Mitglied im Aufsichtsrat<\/p>\n\n\n\n<p>Dieter Dier &nbsp;&nbsp;&nbsp;&nbsp;&nbsp;&nbsp;&nbsp;&nbsp;&nbsp;&nbsp;&nbsp;&nbsp;&nbsp;&nbsp;&nbsp;&nbsp;&nbsp;&nbsp;&nbsp;&nbsp;&nbsp;&nbsp;&nbsp;&nbsp;&nbsp;&nbsp; Mitglied im Aufsichtsrat<\/p>\n\n\n\n<p>Alexander Ambs &nbsp;&nbsp;&nbsp;&nbsp;&nbsp;&nbsp;&nbsp;&nbsp;&nbsp;&nbsp;&nbsp;&nbsp;&nbsp;&nbsp;&nbsp;&nbsp; Vertretung im Vorstand<\/p>\n\n\n\n<p>Christian Dier&nbsp;&nbsp;&nbsp;&nbsp;&nbsp;&nbsp;&nbsp;&nbsp;&nbsp;&nbsp;&nbsp;&nbsp;&nbsp;&nbsp;&nbsp;&nbsp;&nbsp;&nbsp;&nbsp;&nbsp;&nbsp;&nbsp; Technische Planung und Projektierung<\/p>\n\n\n\n<p>Bernhard Maier&nbsp;&nbsp;&nbsp;&nbsp;&nbsp;&nbsp;&nbsp;&nbsp;&nbsp;&nbsp;&nbsp;&nbsp;&nbsp;&nbsp;&nbsp;&nbsp;&nbsp;&nbsp;&nbsp; Schriftf\u00fchrer&nbsp; &nbsp;&nbsp;&nbsp;&nbsp;&nbsp;&nbsp;&nbsp;&nbsp;&nbsp;&nbsp;&nbsp; &nbsp;&nbsp;&nbsp;&nbsp;&nbsp;&nbsp;&nbsp;&nbsp;&nbsp;&nbsp;&nbsp;&nbsp;&nbsp;&nbsp;&nbsp;&nbsp;&nbsp;&nbsp;&nbsp;&nbsp;&nbsp;&nbsp;<\/p>\n\n\n\n<p>Boris Weigele &nbsp;&nbsp;&nbsp;&nbsp;&nbsp;&nbsp;&nbsp;&nbsp;&nbsp;&nbsp;&nbsp;&nbsp;&nbsp;&nbsp;&nbsp;&nbsp;&nbsp;&nbsp;&nbsp;&nbsp;&nbsp; Beisitzer &nbsp;&nbsp;&nbsp;&nbsp;&nbsp;&nbsp;<\/p>\n\n\n\n<p>Martin Baldenhofer&nbsp;&nbsp;&nbsp;&nbsp;&nbsp;&nbsp;&nbsp;&nbsp;&nbsp;&nbsp;&nbsp;&nbsp;&nbsp; Beisitzer&nbsp;&nbsp;&nbsp;&nbsp;&nbsp;&nbsp;&nbsp;&nbsp;&nbsp;&nbsp;&nbsp;&nbsp;&nbsp;&nbsp;&nbsp;&nbsp;&nbsp;&nbsp;&nbsp;<\/p>\n\n\n\n<p>Jochen Staiger &nbsp;&nbsp;&nbsp;&nbsp;&nbsp;&nbsp;&nbsp;&nbsp;&nbsp;&nbsp;&nbsp;&nbsp;&nbsp;&nbsp;&nbsp;&nbsp;&nbsp;&nbsp;&nbsp; Beisitzer &nbsp;&nbsp;&nbsp;&nbsp;&nbsp;&nbsp;<\/p>\n\n\n\n<p>Falls Sie Fragen, W\u00fcnsche, Ideen und Anregungen haben oder gerne mitarbeiten m\u00f6chten sprechen Sie gerne eine der oben genannten Personen an oder schreiben eine E-Mail an <a href=\"mailto:ao-boetzingen@be-kaiserstuhl.de\">ao-boetzingen@be-kaiserstuhl.de<\/a> &nbsp;<\/p>\n\n\n\n<p>Wenn Sie Lust haben die regionale Energiewende zu unterst\u00fctzen, werden Sie Mitglied in der BEKA. Mitgliedsantr\u00e4ge und alle weiteren Informationen finden Sie unter:&nbsp;<a href=\"https:\/\/be-kaiserstuhl.de\" target=\"_blank\" rel=\"noreferrer noopener\">https:\/\/be-kaiserstuhl.de<\/a><\/p>\n","protected":false},"excerpt":{"rendered":"<p>Der erfolgreich durchgef\u00fchrte Energiewendetag (klick) im April 2023, der von der Arbeitsgruppe \u201eEnergie\u201c von Gemeinsam f\u00fcr MORGEN e.V. vorbereitet wurde, markierte den Anfang der B\u00fcrgerenergie f\u00fcr B\u00f6tzingen. Die aktive Ortsgruppe B\u00f6tzingen hat sich mittlerweile mehrmals getroffen und erste Projekte ausfindig gemacht. Diese werden in n\u00e4chster Zeit mit der Gemeindeverwaltung und anderen Ansprechpartner*innen besprochen. Bisher aktiv &hellip; <a href=\"https:\/\/gemeinsam-fuer-morgen.eu\/?page_id=1175\" class=\"more-link\"><span class=\"screen-reader-text\">Energie \u2013 Ortsgruppe B\u00fcrgerenergie Kaiserstuhl (BEKA)Energie<\/span> weiterlesen<\/a><\/p>\n","protected":false},"author":2,"featured_media":0,"parent":1168,"menu_order":0,"comment_status":"closed","ping_status":"closed","template":"","meta":{"footnotes":""},"class_list":["post-1175","page","type-page","status-publish","hentry"],"yoast_head":"<!-- This site is optimized with the Yoast SEO plugin v27.5 - https:\/\/yoast.com\/product\/yoast-seo-wordpress\/ -->\n<title>Energie \u2013 Ortsgruppe B\u00fcrgerenergie Kaiserstuhl (BEKA)Energie - Gemeinsam f\u00fcr Morgen e.V.<\/title>\n<meta name=\"robots\" content=\"index, follow, max-snippet:-1, max-image-preview:large, max-video-preview:-1\" \/>\n<link rel=\"canonical\" href=\"https:\/\/gemeinsam-fuer-morgen.eu\/?page_id=1175\" \/>\n<meta property=\"og:locale\" content=\"de_DE\" \/>\n<meta property=\"og:type\" content=\"article\" \/>\n<meta property=\"og:title\" content=\"Energie \u2013 Ortsgruppe B\u00fcrgerenergie Kaiserstuhl (BEKA)Energie - Gemeinsam f\u00fcr Morgen e.V.\" \/>\n<meta property=\"og:description\" content=\"Der erfolgreich durchgef\u00fchrte Energiewendetag (klick) im April 2023, der von der Arbeitsgruppe \u201eEnergie\u201c von Gemeinsam f\u00fcr MORGEN e.V. vorbereitet wurde, markierte den Anfang der B\u00fcrgerenergie f\u00fcr B\u00f6tzingen. Die aktive Ortsgruppe B\u00f6tzingen hat sich mittlerweile mehrmals getroffen und erste Projekte ausfindig gemacht. Diese werden in n\u00e4chster Zeit mit der Gemeindeverwaltung und anderen Ansprechpartner*innen besprochen. Bisher aktiv &hellip; Energie \u2013 Ortsgruppe B\u00fcrgerenergie Kaiserstuhl (BEKA)Energie weiterlesen\" \/>\n<meta property=\"og:url\" content=\"https:\/\/gemeinsam-fuer-morgen.eu\/?page_id=1175\" \/>\n<meta property=\"og:site_name\" content=\"Gemeinsam f\u00fcr Morgen e.V.\" \/>\n<meta property=\"article:modified_time\" content=\"2024-05-22T09:52:31+00:00\" \/>\n<meta name=\"twitter:card\" content=\"summary_large_image\" \/>\n<meta name=\"twitter:label1\" content=\"Gesch\u00e4tzte Lesezeit\" \/>\n\t<meta name=\"twitter:data1\" content=\"1\u00a0Minute\" \/>\n<script type=\"application\/ld+json\" class=\"yoast-schema-graph\">{\"@context\":\"https:\\\/\\\/schema.org\",\"@graph\":[{\"@type\":\"WebPage\",\"@id\":\"https:\\\/\\\/gemeinsam-fuer-morgen.eu\\\/?page_id=1175\",\"url\":\"https:\\\/\\\/gemeinsam-fuer-morgen.eu\\\/?page_id=1175\",\"name\":\"Energie \u2013 Ortsgruppe B\u00fcrgerenergie Kaiserstuhl (BEKA)Energie - Gemeinsam f\u00fcr Morgen e.V.\",\"isPartOf\":{\"@id\":\"https:\\\/\\\/gemeinsam-fuer-morgen.eu\\\/#website\"},\"datePublished\":\"2024-05-22T09:36:42+00:00\",\"dateModified\":\"2024-05-22T09:52:31+00:00\",\"breadcrumb\":{\"@id\":\"https:\\\/\\\/gemeinsam-fuer-morgen.eu\\\/?page_id=1175#breadcrumb\"},\"inLanguage\":\"de\",\"potentialAction\":[{\"@type\":\"ReadAction\",\"target\":[\"https:\\\/\\\/gemeinsam-fuer-morgen.eu\\\/?page_id=1175\"]}]},{\"@type\":\"BreadcrumbList\",\"@id\":\"https:\\\/\\\/gemeinsam-fuer-morgen.eu\\\/?page_id=1175#breadcrumb\",\"itemListElement\":[{\"@type\":\"ListItem\",\"position\":1,\"name\":\"Startseite\",\"item\":\"https:\\\/\\\/gemeinsam-fuer-morgen.eu\\\/\"},{\"@type\":\"ListItem\",\"position\":2,\"name\":\"Arbeitsgruppen\",\"item\":\"https:\\\/\\\/gemeinsam-fuer-morgen.eu\\\/?page_id=1168\"},{\"@type\":\"ListItem\",\"position\":3,\"name\":\"Energie \u2013 Ortsgruppe B\u00fcrgerenergie Kaiserstuhl (BEKA)Energie\"}]},{\"@type\":\"WebSite\",\"@id\":\"https:\\\/\\\/gemeinsam-fuer-morgen.eu\\\/#website\",\"url\":\"https:\\\/\\\/gemeinsam-fuer-morgen.eu\\\/\",\"name\":\"Gemeinsam f\u00fcr Morgen e.V.\",\"description\":\"Nachhaltig in die Zukunft\",\"publisher\":{\"@id\":\"https:\\\/\\\/gemeinsam-fuer-morgen.eu\\\/#organization\"},\"potentialAction\":[{\"@type\":\"SearchAction\",\"target\":{\"@type\":\"EntryPoint\",\"urlTemplate\":\"https:\\\/\\\/gemeinsam-fuer-morgen.eu\\\/?s={search_term_string}\"},\"query-input\":{\"@type\":\"PropertyValueSpecification\",\"valueRequired\":true,\"valueName\":\"search_term_string\"}}],\"inLanguage\":\"de\"},{\"@type\":\"Organization\",\"@id\":\"https:\\\/\\\/gemeinsam-fuer-morgen.eu\\\/#organization\",\"name\":\"Gemeinsam f\u00fcr Morgen\",\"url\":\"https:\\\/\\\/gemeinsam-fuer-morgen.eu\\\/\",\"logo\":{\"@type\":\"ImageObject\",\"inLanguage\":\"de\",\"@id\":\"https:\\\/\\\/gemeinsam-fuer-morgen.eu\\\/#\\\/schema\\\/logo\\\/image\\\/\",\"url\":\"https:\\\/\\\/gemeinsam-fuer-morgen.eu\\\/wp-content\\\/uploads\\\/2020\\\/11\\\/cropped-Logo_ohneKasten_GfM-20201009-1.png\",\"contentUrl\":\"https:\\\/\\\/gemeinsam-fuer-morgen.eu\\\/wp-content\\\/uploads\\\/2020\\\/11\\\/cropped-Logo_ohneKasten_GfM-20201009-1.png\",\"width\":9999,\"height\":4991,\"caption\":\"Gemeinsam f\u00fcr Morgen\"},\"image\":{\"@id\":\"https:\\\/\\\/gemeinsam-fuer-morgen.eu\\\/#\\\/schema\\\/logo\\\/image\\\/\"}}]}<\/script>\n<!-- \/ Yoast SEO plugin. -->","yoast_head_json":{"title":"Energie \u2013 Ortsgruppe B\u00fcrgerenergie Kaiserstuhl (BEKA)Energie - Gemeinsam f\u00fcr Morgen e.V.","robots":{"index":"index","follow":"follow","max-snippet":"max-snippet:-1","max-image-preview":"max-image-preview:large","max-video-preview":"max-video-preview:-1"},"canonical":"https:\/\/gemeinsam-fuer-morgen.eu\/?page_id=1175","og_locale":"de_DE","og_type":"article","og_title":"Energie \u2013 Ortsgruppe B\u00fcrgerenergie Kaiserstuhl (BEKA)Energie - Gemeinsam f\u00fcr Morgen e.V.","og_description":"Der erfolgreich durchgef\u00fchrte Energiewendetag (klick) im April 2023, der von der Arbeitsgruppe \u201eEnergie\u201c von Gemeinsam f\u00fcr MORGEN e.V. vorbereitet wurde, markierte den Anfang der B\u00fcrgerenergie f\u00fcr B\u00f6tzingen. Die aktive Ortsgruppe B\u00f6tzingen hat sich mittlerweile mehrmals getroffen und erste Projekte ausfindig gemacht. Diese werden in n\u00e4chster Zeit mit der Gemeindeverwaltung und anderen Ansprechpartner*innen besprochen. Bisher aktiv &hellip; Energie \u2013 Ortsgruppe B\u00fcrgerenergie Kaiserstuhl (BEKA)Energie weiterlesen","og_url":"https:\/\/gemeinsam-fuer-morgen.eu\/?page_id=1175","og_site_name":"Gemeinsam f\u00fcr Morgen e.V.","article_modified_time":"2024-05-22T09:52:31+00:00","twitter_card":"summary_large_image","twitter_misc":{"Gesch\u00e4tzte Lesezeit":"1\u00a0Minute"},"schema":{"@context":"https:\/\/schema.org","@graph":[{"@type":"WebPage","@id":"https:\/\/gemeinsam-fuer-morgen.eu\/?page_id=1175","url":"https:\/\/gemeinsam-fuer-morgen.eu\/?page_id=1175","name":"Energie \u2013 Ortsgruppe B\u00fcrgerenergie Kaiserstuhl (BEKA)Energie - Gemeinsam f\u00fcr Morgen e.V.","isPartOf":{"@id":"https:\/\/gemeinsam-fuer-morgen.eu\/#website"},"datePublished":"2024-05-22T09:36:42+00:00","dateModified":"2024-05-22T09:52:31+00:00","breadcrumb":{"@id":"https:\/\/gemeinsam-fuer-morgen.eu\/?page_id=1175#breadcrumb"},"inLanguage":"de","potentialAction":[{"@type":"ReadAction","target":["https:\/\/gemeinsam-fuer-morgen.eu\/?page_id=1175"]}]},{"@type":"BreadcrumbList","@id":"https:\/\/gemeinsam-fuer-morgen.eu\/?page_id=1175#breadcrumb","itemListElement":[{"@type":"ListItem","position":1,"name":"Startseite","item":"https:\/\/gemeinsam-fuer-morgen.eu\/"},{"@type":"ListItem","position":2,"name":"Arbeitsgruppen","item":"https:\/\/gemeinsam-fuer-morgen.eu\/?page_id=1168"},{"@type":"ListItem","position":3,"name":"Energie \u2013 Ortsgruppe B\u00fcrgerenergie Kaiserstuhl (BEKA)Energie"}]},{"@type":"WebSite","@id":"https:\/\/gemeinsam-fuer-morgen.eu\/#website","url":"https:\/\/gemeinsam-fuer-morgen.eu\/","name":"Gemeinsam f\u00fcr Morgen e.V.","description":"Nachhaltig in die Zukunft","publisher":{"@id":"https:\/\/gemeinsam-fuer-morgen.eu\/#organization"},"potentialAction":[{"@type":"SearchAction","target":{"@type":"EntryPoint","urlTemplate":"https:\/\/gemeinsam-fuer-morgen.eu\/?s={search_term_string}"},"query-input":{"@type":"PropertyValueSpecification","valueRequired":true,"valueName":"search_term_string"}}],"inLanguage":"de"},{"@type":"Organization","@id":"https:\/\/gemeinsam-fuer-morgen.eu\/#organization","name":"Gemeinsam f\u00fcr Morgen","url":"https:\/\/gemeinsam-fuer-morgen.eu\/","logo":{"@type":"ImageObject","inLanguage":"de","@id":"https:\/\/gemeinsam-fuer-morgen.eu\/#\/schema\/logo\/image\/","url":"https:\/\/gemeinsam-fuer-morgen.eu\/wp-content\/uploads\/2020\/11\/cropped-Logo_ohneKasten_GfM-20201009-1.png","contentUrl":"https:\/\/gemeinsam-fuer-morgen.eu\/wp-content\/uploads\/2020\/11\/cropped-Logo_ohneKasten_GfM-20201009-1.png","width":9999,"height":4991,"caption":"Gemeinsam f\u00fcr Morgen"},"image":{"@id":"https:\/\/gemeinsam-fuer-morgen.eu\/#\/schema\/logo\/image\/"}}]}},"_links":{"self":[{"href":"https:\/\/gemeinsam-fuer-morgen.eu\/index.php?rest_route=\/wp\/v2\/pages\/1175","targetHints":{"allow":["GET"]}}],"collection":[{"href":"https:\/\/gemeinsam-fuer-morgen.eu\/index.php?rest_route=\/wp\/v2\/pages"}],"about":[{"href":"https:\/\/gemeinsam-fuer-morgen.eu\/index.php?rest_route=\/wp\/v2\/types\/page"}],"author":[{"embeddable":true,"href":"https:\/\/gemeinsam-fuer-morgen.eu\/index.php?rest_route=\/wp\/v2\/users\/2"}],"replies":[{"embeddable":true,"href":"https:\/\/gemeinsam-fuer-morgen.eu\/index.php?rest_route=%2Fwp%2Fv2%2Fcomments&post=1175"}],"version-history":[{"count":1,"href":"https:\/\/gemeinsam-fuer-morgen.eu\/index.php?rest_route=\/wp\/v2\/pages\/1175\/revisions"}],"predecessor-version":[{"id":1176,"href":"https:\/\/gemeinsam-fuer-morgen.eu\/index.php?rest_route=\/wp\/v2\/pages\/1175\/revisions\/1176"}],"up":[{"embeddable":true,"href":"https:\/\/gemeinsam-fuer-morgen.eu\/index.php?rest_route=\/wp\/v2\/pages\/1168"}],"wp:attachment":[{"href":"https:\/\/gemeinsam-fuer-morgen.eu\/index.php?rest_route=%2Fwp%2Fv2%2Fmedia&parent=1175"}],"curies":[{"name":"wp","href":"https:\/\/api.w.org\/{rel}","templated":true}]}}