{"id":1177,"date":"2024-05-22T10:49:04","date_gmt":"2024-05-22T09:49:04","guid":{"rendered":"https:\/\/gemeinsam-fuer-morgen.eu\/?page_id=1177"},"modified":"2024-12-15T08:55:25","modified_gmt":"2024-12-15T07:55:25","slug":"muellvermeidung","status":"publish","type":"page","link":"https:\/\/gemeinsam-fuer-morgen.eu\/?page_id=1177","title":{"rendered":"M\u00fcllvermeidung"},"content":{"rendered":"\n<p>Wir sind die Arbeitsgruppe M\u00fcllvermeidung des Vereins Gemeinsam f\u00fcr MORGEN e.V. und k\u00fcmmern uns um alle Themen rund um den M\u00fcll:<\/p>\n\n\n\n<ul class=\"wp-block-list\">\n<li>Wie kann man Abfall vermeiden oder reduzieren<\/li>\n\n\n\n<li>Welche Konzepte gibt es dazu f\u00fcr Gemeinden, Organisationen, Haushalte<\/li>\n\n\n\n<li>Informationen rund um den M\u00fcll<\/li>\n\n\n\n<li>Organisation von Aktionen (z. B. Dorfputzede)<\/li>\n\n\n\n<li>Kommunikation und Programme mit Schulen, Kinderg\u00e4rten und anderen Organisationen<\/li>\n<\/ul>\n\n\n\n<p>Wer hat Lust mitzumachen, neue Ideen beizutragen und bei der Umsetzung zu helfen?&nbsp;<\/p>\n\n\n\n<p>Wr haben f\u00fcr jeden einen Platz in unserer Arbeitsgruppe und treffen uns regelm\u00e4\u00dfig. Melde Dich bei uns.<\/p>\n\n\n\n<p>AnsprechpartnerInnen:<\/p>\n\n\n\n<p>Lisa Veit <a href=\"mailto:lisa.veit@gemeinsam-fuer-morgen.eu\">lisa.veit@gemeinsam-fuer-morgen.eu<\/a><br>Steffi Hunn<br>Maria Henninger<br>Rebecca Jung<br>Virgil Schoor <a href=\"mailto:virgil.schoor@gemeinsam-fuer-morgen.eu\">virgil.schoor@gemeinsam-fuer-morgen.eu<\/a><\/p>\n","protected":false},"excerpt":{"rendered":"<p>Wir sind die Arbeitsgruppe M\u00fcllvermeidung des Vereins Gemeinsam f\u00fcr MORGEN e.V. und k\u00fcmmern uns um alle Themen rund um den M\u00fcll: Wer hat Lust mitzumachen, neue Ideen beizutragen und bei der Umsetzung zu helfen?&nbsp; Wr haben f\u00fcr jeden einen Platz in unserer Arbeitsgruppe und treffen uns regelm\u00e4\u00dfig. Melde Dich bei uns. AnsprechpartnerInnen: Lisa Veit lisa.veit@gemeinsam-fuer-morgen.euSteffi &hellip; <a href=\"https:\/\/gemeinsam-fuer-morgen.eu\/?page_id=1177\" class=\"more-link\"><span class=\"screen-reader-text\">M\u00fcllvermeidung<\/span> weiterlesen<\/a><\/p>\n","protected":false},"author":2,"featured_media":0,"parent":1168,"menu_order":0,"comment_status":"closed","ping_status":"closed","template":"","meta":{"footnotes":""},"class_list":["post-1177","page","type-page","status-publish","hentry"],"yoast_head":"<!-- This site is optimized with the Yoast SEO plugin v27.5 - https:\/\/yoast.com\/product\/yoast-seo-wordpress\/ -->\n<title>M\u00fcllvermeidung - Gemeinsam f\u00fcr Morgen e.V.<\/title>\n<meta name=\"robots\" content=\"index, follow, max-snippet:-1, max-image-preview:large, max-video-preview:-1\" \/>\n<link rel=\"canonical\" href=\"https:\/\/gemeinsam-fuer-morgen.eu\/?page_id=1177\" \/>\n<meta property=\"og:locale\" content=\"de_DE\" \/>\n<meta property=\"og:type\" content=\"article\" \/>\n<meta property=\"og:title\" content=\"M\u00fcllvermeidung - Gemeinsam f\u00fcr Morgen e.V.\" \/>\n<meta property=\"og:description\" content=\"Wir sind die Arbeitsgruppe M\u00fcllvermeidung des Vereins Gemeinsam f\u00fcr MORGEN e.V. und k\u00fcmmern uns um alle Themen rund um den M\u00fcll: Wer hat Lust mitzumachen, neue Ideen beizutragen und bei der Umsetzung zu helfen?&nbsp; Wr haben f\u00fcr jeden einen Platz in unserer Arbeitsgruppe und treffen uns regelm\u00e4\u00dfig. Melde Dich bei uns. AnsprechpartnerInnen: Lisa Veit lisa.veit@gemeinsam-fuer-morgen.euSteffi &hellip; M\u00fcllvermeidung weiterlesen\" \/>\n<meta property=\"og:url\" content=\"https:\/\/gemeinsam-fuer-morgen.eu\/?page_id=1177\" \/>\n<meta property=\"og:site_name\" content=\"Gemeinsam f\u00fcr Morgen e.V.\" \/>\n<meta property=\"article:modified_time\" content=\"2024-12-15T07:55:25+00:00\" \/>\n<meta name=\"twitter:card\" content=\"summary_large_image\" \/>\n<meta name=\"twitter:label1\" content=\"Gesch\u00e4tzte Lesezeit\" \/>\n\t<meta name=\"twitter:data1\" content=\"1\u00a0Minute\" \/>\n<script type=\"application\/ld+json\" class=\"yoast-schema-graph\">{\"@context\":\"https:\\\/\\\/schema.org\",\"@graph\":[{\"@type\":\"WebPage\",\"@id\":\"https:\\\/\\\/gemeinsam-fuer-morgen.eu\\\/?page_id=1177\",\"url\":\"https:\\\/\\\/gemeinsam-fuer-morgen.eu\\\/?page_id=1177\",\"name\":\"M\u00fcllvermeidung - Gemeinsam f\u00fcr Morgen e.V.\",\"isPartOf\":{\"@id\":\"https:\\\/\\\/gemeinsam-fuer-morgen.eu\\\/#website\"},\"datePublished\":\"2024-05-22T09:49:04+00:00\",\"dateModified\":\"2024-12-15T07:55:25+00:00\",\"breadcrumb\":{\"@id\":\"https:\\\/\\\/gemeinsam-fuer-morgen.eu\\\/?page_id=1177#breadcrumb\"},\"inLanguage\":\"de\",\"potentialAction\":[{\"@type\":\"ReadAction\",\"target\":[\"https:\\\/\\\/gemeinsam-fuer-morgen.eu\\\/?page_id=1177\"]}]},{\"@type\":\"BreadcrumbList\",\"@id\":\"https:\\\/\\\/gemeinsam-fuer-morgen.eu\\\/?page_id=1177#breadcrumb\",\"itemListElement\":[{\"@type\":\"ListItem\",\"position\":1,\"name\":\"Startseite\",\"item\":\"https:\\\/\\\/gemeinsam-fuer-morgen.eu\\\/\"},{\"@type\":\"ListItem\",\"position\":2,\"name\":\"Arbeitsgruppen\",\"item\":\"https:\\\/\\\/gemeinsam-fuer-morgen.eu\\\/?page_id=1168\"},{\"@type\":\"ListItem\",\"position\":3,\"name\":\"M\u00fcllvermeidung\"}]},{\"@type\":\"WebSite\",\"@id\":\"https:\\\/\\\/gemeinsam-fuer-morgen.eu\\\/#website\",\"url\":\"https:\\\/\\\/gemeinsam-fuer-morgen.eu\\\/\",\"name\":\"Gemeinsam f\u00fcr Morgen e.V.\",\"description\":\"Nachhaltig in die Zukunft\",\"publisher\":{\"@id\":\"https:\\\/\\\/gemeinsam-fuer-morgen.eu\\\/#organization\"},\"potentialAction\":[{\"@type\":\"SearchAction\",\"target\":{\"@type\":\"EntryPoint\",\"urlTemplate\":\"https:\\\/\\\/gemeinsam-fuer-morgen.eu\\\/?s={search_term_string}\"},\"query-input\":{\"@type\":\"PropertyValueSpecification\",\"valueRequired\":true,\"valueName\":\"search_term_string\"}}],\"inLanguage\":\"de\"},{\"@type\":\"Organization\",\"@id\":\"https:\\\/\\\/gemeinsam-fuer-morgen.eu\\\/#organization\",\"name\":\"Gemeinsam f\u00fcr Morgen\",\"url\":\"https:\\\/\\\/gemeinsam-fuer-morgen.eu\\\/\",\"logo\":{\"@type\":\"ImageObject\",\"inLanguage\":\"de\",\"@id\":\"https:\\\/\\\/gemeinsam-fuer-morgen.eu\\\/#\\\/schema\\\/logo\\\/image\\\/\",\"url\":\"https:\\\/\\\/gemeinsam-fuer-morgen.eu\\\/wp-content\\\/uploads\\\/2020\\\/11\\\/cropped-Logo_ohneKasten_GfM-20201009-1.png\",\"contentUrl\":\"https:\\\/\\\/gemeinsam-fuer-morgen.eu\\\/wp-content\\\/uploads\\\/2020\\\/11\\\/cropped-Logo_ohneKasten_GfM-20201009-1.png\",\"width\":9999,\"height\":4991,\"caption\":\"Gemeinsam f\u00fcr Morgen\"},\"image\":{\"@id\":\"https:\\\/\\\/gemeinsam-fuer-morgen.eu\\\/#\\\/schema\\\/logo\\\/image\\\/\"}}]}<\/script>\n<!-- \/ Yoast SEO plugin. -->","yoast_head_json":{"title":"M\u00fcllvermeidung - Gemeinsam f\u00fcr Morgen e.V.","robots":{"index":"index","follow":"follow","max-snippet":"max-snippet:-1","max-image-preview":"max-image-preview:large","max-video-preview":"max-video-preview:-1"},"canonical":"https:\/\/gemeinsam-fuer-morgen.eu\/?page_id=1177","og_locale":"de_DE","og_type":"article","og_title":"M\u00fcllvermeidung - Gemeinsam f\u00fcr Morgen e.V.","og_description":"Wir sind die Arbeitsgruppe M\u00fcllvermeidung des Vereins Gemeinsam f\u00fcr MORGEN e.V. und k\u00fcmmern uns um alle Themen rund um den M\u00fcll: Wer hat Lust mitzumachen, neue Ideen beizutragen und bei der Umsetzung zu helfen?&nbsp; Wr haben f\u00fcr jeden einen Platz in unserer Arbeitsgruppe und treffen uns regelm\u00e4\u00dfig. Melde Dich bei uns. AnsprechpartnerInnen: Lisa Veit lisa.veit@gemeinsam-fuer-morgen.euSteffi &hellip; M\u00fcllvermeidung weiterlesen","og_url":"https:\/\/gemeinsam-fuer-morgen.eu\/?page_id=1177","og_site_name":"Gemeinsam f\u00fcr Morgen e.V.","article_modified_time":"2024-12-15T07:55:25+00:00","twitter_card":"summary_large_image","twitter_misc":{"Gesch\u00e4tzte Lesezeit":"1\u00a0Minute"},"schema":{"@context":"https:\/\/schema.org","@graph":[{"@type":"WebPage","@id":"https:\/\/gemeinsam-fuer-morgen.eu\/?page_id=1177","url":"https:\/\/gemeinsam-fuer-morgen.eu\/?page_id=1177","name":"M\u00fcllvermeidung - Gemeinsam f\u00fcr Morgen e.V.","isPartOf":{"@id":"https:\/\/gemeinsam-fuer-morgen.eu\/#website"},"datePublished":"2024-05-22T09:49:04+00:00","dateModified":"2024-12-15T07:55:25+00:00","breadcrumb":{"@id":"https:\/\/gemeinsam-fuer-morgen.eu\/?page_id=1177#breadcrumb"},"inLanguage":"de","potentialAction":[{"@type":"ReadAction","target":["https:\/\/gemeinsam-fuer-morgen.eu\/?page_id=1177"]}]},{"@type":"BreadcrumbList","@id":"https:\/\/gemeinsam-fuer-morgen.eu\/?page_id=1177#breadcrumb","itemListElement":[{"@type":"ListItem","position":1,"name":"Startseite","item":"https:\/\/gemeinsam-fuer-morgen.eu\/"},{"@type":"ListItem","position":2,"name":"Arbeitsgruppen","item":"https:\/\/gemeinsam-fuer-morgen.eu\/?page_id=1168"},{"@type":"ListItem","position":3,"name":"M\u00fcllvermeidung"}]},{"@type":"WebSite","@id":"https:\/\/gemeinsam-fuer-morgen.eu\/#website","url":"https:\/\/gemeinsam-fuer-morgen.eu\/","name":"Gemeinsam f\u00fcr Morgen e.V.","description":"Nachhaltig in die Zukunft","publisher":{"@id":"https:\/\/gemeinsam-fuer-morgen.eu\/#organization"},"potentialAction":[{"@type":"SearchAction","target":{"@type":"EntryPoint","urlTemplate":"https:\/\/gemeinsam-fuer-morgen.eu\/?s={search_term_string}"},"query-input":{"@type":"PropertyValueSpecification","valueRequired":true,"valueName":"search_term_string"}}],"inLanguage":"de"},{"@type":"Organization","@id":"https:\/\/gemeinsam-fuer-morgen.eu\/#organization","name":"Gemeinsam f\u00fcr Morgen","url":"https:\/\/gemeinsam-fuer-morgen.eu\/","logo":{"@type":"ImageObject","inLanguage":"de","@id":"https:\/\/gemeinsam-fuer-morgen.eu\/#\/schema\/logo\/image\/","url":"https:\/\/gemeinsam-fuer-morgen.eu\/wp-content\/uploads\/2020\/11\/cropped-Logo_ohneKasten_GfM-20201009-1.png","contentUrl":"https:\/\/gemeinsam-fuer-morgen.eu\/wp-content\/uploads\/2020\/11\/cropped-Logo_ohneKasten_GfM-20201009-1.png","width":9999,"height":4991,"caption":"Gemeinsam f\u00fcr Morgen"},"image":{"@id":"https:\/\/gemeinsam-fuer-morgen.eu\/#\/schema\/logo\/image\/"}}]}},"_links":{"self":[{"href":"https:\/\/gemeinsam-fuer-morgen.eu\/index.php?rest_route=\/wp\/v2\/pages\/1177","targetHints":{"allow":["GET"]}}],"collection":[{"href":"https:\/\/gemeinsam-fuer-morgen.eu\/index.php?rest_route=\/wp\/v2\/pages"}],"about":[{"href":"https:\/\/gemeinsam-fuer-morgen.eu\/index.php?rest_route=\/wp\/v2\/types\/page"}],"author":[{"embeddable":true,"href":"https:\/\/gemeinsam-fuer-morgen.eu\/index.php?rest_route=\/wp\/v2\/users\/2"}],"replies":[{"embeddable":true,"href":"https:\/\/gemeinsam-fuer-morgen.eu\/index.php?rest_route=%2Fwp%2Fv2%2Fcomments&post=1177"}],"version-history":[{"count":4,"href":"https:\/\/gemeinsam-fuer-morgen.eu\/index.php?rest_route=\/wp\/v2\/pages\/1177\/revisions"}],"predecessor-version":[{"id":1233,"href":"https:\/\/gemeinsam-fuer-morgen.eu\/index.php?rest_route=\/wp\/v2\/pages\/1177\/revisions\/1233"}],"up":[{"embeddable":true,"href":"https:\/\/gemeinsam-fuer-morgen.eu\/index.php?rest_route=\/wp\/v2\/pages\/1168"}],"wp:attachment":[{"href":"https:\/\/gemeinsam-fuer-morgen.eu\/index.php?rest_route=%2Fwp%2Fv2%2Fmedia&parent=1177"}],"curies":[{"name":"wp","href":"https:\/\/api.w.org\/{rel}","templated":true}]}}