{"id":1343,"date":"2025-10-20T08:18:43","date_gmt":"2025-10-20T07:18:43","guid":{"rendered":"https:\/\/gemeinsam-fuer-morgen.eu\/?page_id=1343"},"modified":"2025-10-20T08:18:44","modified_gmt":"2025-10-20T07:18:44","slug":"sie-wollen-spenden","status":"publish","type":"page","link":"https:\/\/gemeinsam-fuer-morgen.eu\/?page_id=1343","title":{"rendered":"Sie wollen spenden?"},"content":{"rendered":"\n<p>Herzlichen Dank f\u00fcr Ihr Interesse den Verein finanziell zu unterst\u00fctzen.<\/p>\n\n\n\n<p>Spenden k\u00f6nnen direkt auf unser Konto bei der GLS-Bank \u00fcberwiesen werden:<\/p>\n\n\n\n<p>IBAN: DE63430609671118470600<\/p>\n\n\n\n<p>BIC: GENODEM1GLS<\/p>\n\n\n\n<p>F\u00fcr eine Spendenquittung bitte eine Mail mit den entsprechenden Daten an <a href=\"mailto: vorstand@gemeinsam-fuer-morgen.eu\">vorstand@gemeinsam-fuer-morgen.eu<\/a> schicken.<\/p>\n\n\n\n<p><\/p>\n","protected":false},"excerpt":{"rendered":"<p>Herzlichen Dank f\u00fcr Ihr Interesse den Verein finanziell zu unterst\u00fctzen. Spenden k\u00f6nnen direkt auf unser Konto bei der GLS-Bank \u00fcberwiesen werden: IBAN: DE63430609671118470600 BIC: GENODEM1GLS F\u00fcr eine Spendenquittung bitte eine Mail mit den entsprechenden Daten an vorstand@gemeinsam-fuer-morgen.eu schicken.<\/p>\n","protected":false},"author":2,"featured_media":0,"parent":0,"menu_order":0,"comment_status":"closed","ping_status":"closed","template":"","meta":{"footnotes":""},"class_list":["post-1343","page","type-page","status-publish","hentry"],"yoast_head":"<!-- This site is optimized with the Yoast SEO plugin v27.5 - https:\/\/yoast.com\/product\/yoast-seo-wordpress\/ -->\n<title>Sie wollen spenden? - Gemeinsam f\u00fcr Morgen e.V.<\/title>\n<meta name=\"robots\" content=\"index, follow, max-snippet:-1, max-image-preview:large, max-video-preview:-1\" \/>\n<link rel=\"canonical\" href=\"https:\/\/gemeinsam-fuer-morgen.eu\/?page_id=1343\" \/>\n<meta property=\"og:locale\" content=\"de_DE\" \/>\n<meta property=\"og:type\" content=\"article\" \/>\n<meta property=\"og:title\" content=\"Sie wollen spenden? - Gemeinsam f\u00fcr Morgen e.V.\" \/>\n<meta property=\"og:description\" content=\"Herzlichen Dank f\u00fcr Ihr Interesse den Verein finanziell zu unterst\u00fctzen. Spenden k\u00f6nnen direkt auf unser Konto bei der GLS-Bank \u00fcberwiesen werden: IBAN: DE63430609671118470600 BIC: GENODEM1GLS F\u00fcr eine Spendenquittung bitte eine Mail mit den entsprechenden Daten an vorstand@gemeinsam-fuer-morgen.eu schicken.\" \/>\n<meta property=\"og:url\" content=\"https:\/\/gemeinsam-fuer-morgen.eu\/?page_id=1343\" \/>\n<meta property=\"og:site_name\" content=\"Gemeinsam f\u00fcr Morgen e.V.\" \/>\n<meta property=\"article:modified_time\" content=\"2025-10-20T07:18:44+00:00\" \/>\n<meta name=\"twitter:card\" content=\"summary_large_image\" \/>\n<meta name=\"twitter:label1\" content=\"Gesch\u00e4tzte Lesezeit\" \/>\n\t<meta name=\"twitter:data1\" content=\"1\u00a0Minute\" \/>\n<script type=\"application\/ld+json\" class=\"yoast-schema-graph\">{\"@context\":\"https:\\\/\\\/schema.org\",\"@graph\":[{\"@type\":\"WebPage\",\"@id\":\"https:\\\/\\\/gemeinsam-fuer-morgen.eu\\\/?page_id=1343\",\"url\":\"https:\\\/\\\/gemeinsam-fuer-morgen.eu\\\/?page_id=1343\",\"name\":\"Sie wollen spenden? - Gemeinsam f\u00fcr Morgen e.V.\",\"isPartOf\":{\"@id\":\"https:\\\/\\\/gemeinsam-fuer-morgen.eu\\\/#website\"},\"datePublished\":\"2025-10-20T07:18:43+00:00\",\"dateModified\":\"2025-10-20T07:18:44+00:00\",\"breadcrumb\":{\"@id\":\"https:\\\/\\\/gemeinsam-fuer-morgen.eu\\\/?page_id=1343#breadcrumb\"},\"inLanguage\":\"de\",\"potentialAction\":[{\"@type\":\"ReadAction\",\"target\":[\"https:\\\/\\\/gemeinsam-fuer-morgen.eu\\\/?page_id=1343\"]}]},{\"@type\":\"BreadcrumbList\",\"@id\":\"https:\\\/\\\/gemeinsam-fuer-morgen.eu\\\/?page_id=1343#breadcrumb\",\"itemListElement\":[{\"@type\":\"ListItem\",\"position\":1,\"name\":\"Startseite\",\"item\":\"https:\\\/\\\/gemeinsam-fuer-morgen.eu\\\/\"},{\"@type\":\"ListItem\",\"position\":2,\"name\":\"Sie wollen spenden?\"}]},{\"@type\":\"WebSite\",\"@id\":\"https:\\\/\\\/gemeinsam-fuer-morgen.eu\\\/#website\",\"url\":\"https:\\\/\\\/gemeinsam-fuer-morgen.eu\\\/\",\"name\":\"Gemeinsam f\u00fcr Morgen e.V.\",\"description\":\"Nachhaltig in die Zukunft\",\"publisher\":{\"@id\":\"https:\\\/\\\/gemeinsam-fuer-morgen.eu\\\/#organization\"},\"potentialAction\":[{\"@type\":\"SearchAction\",\"target\":{\"@type\":\"EntryPoint\",\"urlTemplate\":\"https:\\\/\\\/gemeinsam-fuer-morgen.eu\\\/?s={search_term_string}\"},\"query-input\":{\"@type\":\"PropertyValueSpecification\",\"valueRequired\":true,\"valueName\":\"search_term_string\"}}],\"inLanguage\":\"de\"},{\"@type\":\"Organization\",\"@id\":\"https:\\\/\\\/gemeinsam-fuer-morgen.eu\\\/#organization\",\"name\":\"Gemeinsam f\u00fcr Morgen\",\"url\":\"https:\\\/\\\/gemeinsam-fuer-morgen.eu\\\/\",\"logo\":{\"@type\":\"ImageObject\",\"inLanguage\":\"de\",\"@id\":\"https:\\\/\\\/gemeinsam-fuer-morgen.eu\\\/#\\\/schema\\\/logo\\\/image\\\/\",\"url\":\"https:\\\/\\\/gemeinsam-fuer-morgen.eu\\\/wp-content\\\/uploads\\\/2020\\\/11\\\/cropped-Logo_ohneKasten_GfM-20201009-1.png\",\"contentUrl\":\"https:\\\/\\\/gemeinsam-fuer-morgen.eu\\\/wp-content\\\/uploads\\\/2020\\\/11\\\/cropped-Logo_ohneKasten_GfM-20201009-1.png\",\"width\":9999,\"height\":4991,\"caption\":\"Gemeinsam f\u00fcr Morgen\"},\"image\":{\"@id\":\"https:\\\/\\\/gemeinsam-fuer-morgen.eu\\\/#\\\/schema\\\/logo\\\/image\\\/\"}}]}<\/script>\n<!-- \/ Yoast SEO plugin. -->","yoast_head_json":{"title":"Sie wollen spenden? - Gemeinsam f\u00fcr Morgen e.V.","robots":{"index":"index","follow":"follow","max-snippet":"max-snippet:-1","max-image-preview":"max-image-preview:large","max-video-preview":"max-video-preview:-1"},"canonical":"https:\/\/gemeinsam-fuer-morgen.eu\/?page_id=1343","og_locale":"de_DE","og_type":"article","og_title":"Sie wollen spenden? - Gemeinsam f\u00fcr Morgen e.V.","og_description":"Herzlichen Dank f\u00fcr Ihr Interesse den Verein finanziell zu unterst\u00fctzen. Spenden k\u00f6nnen direkt auf unser Konto bei der GLS-Bank \u00fcberwiesen werden: IBAN: DE63430609671118470600 BIC: GENODEM1GLS F\u00fcr eine Spendenquittung bitte eine Mail mit den entsprechenden Daten an vorstand@gemeinsam-fuer-morgen.eu schicken.","og_url":"https:\/\/gemeinsam-fuer-morgen.eu\/?page_id=1343","og_site_name":"Gemeinsam f\u00fcr Morgen e.V.","article_modified_time":"2025-10-20T07:18:44+00:00","twitter_card":"summary_large_image","twitter_misc":{"Gesch\u00e4tzte Lesezeit":"1\u00a0Minute"},"schema":{"@context":"https:\/\/schema.org","@graph":[{"@type":"WebPage","@id":"https:\/\/gemeinsam-fuer-morgen.eu\/?page_id=1343","url":"https:\/\/gemeinsam-fuer-morgen.eu\/?page_id=1343","name":"Sie wollen spenden? - Gemeinsam f\u00fcr Morgen e.V.","isPartOf":{"@id":"https:\/\/gemeinsam-fuer-morgen.eu\/#website"},"datePublished":"2025-10-20T07:18:43+00:00","dateModified":"2025-10-20T07:18:44+00:00","breadcrumb":{"@id":"https:\/\/gemeinsam-fuer-morgen.eu\/?page_id=1343#breadcrumb"},"inLanguage":"de","potentialAction":[{"@type":"ReadAction","target":["https:\/\/gemeinsam-fuer-morgen.eu\/?page_id=1343"]}]},{"@type":"BreadcrumbList","@id":"https:\/\/gemeinsam-fuer-morgen.eu\/?page_id=1343#breadcrumb","itemListElement":[{"@type":"ListItem","position":1,"name":"Startseite","item":"https:\/\/gemeinsam-fuer-morgen.eu\/"},{"@type":"ListItem","position":2,"name":"Sie wollen spenden?"}]},{"@type":"WebSite","@id":"https:\/\/gemeinsam-fuer-morgen.eu\/#website","url":"https:\/\/gemeinsam-fuer-morgen.eu\/","name":"Gemeinsam f\u00fcr Morgen e.V.","description":"Nachhaltig in die Zukunft","publisher":{"@id":"https:\/\/gemeinsam-fuer-morgen.eu\/#organization"},"potentialAction":[{"@type":"SearchAction","target":{"@type":"EntryPoint","urlTemplate":"https:\/\/gemeinsam-fuer-morgen.eu\/?s={search_term_string}"},"query-input":{"@type":"PropertyValueSpecification","valueRequired":true,"valueName":"search_term_string"}}],"inLanguage":"de"},{"@type":"Organization","@id":"https:\/\/gemeinsam-fuer-morgen.eu\/#organization","name":"Gemeinsam f\u00fcr Morgen","url":"https:\/\/gemeinsam-fuer-morgen.eu\/","logo":{"@type":"ImageObject","inLanguage":"de","@id":"https:\/\/gemeinsam-fuer-morgen.eu\/#\/schema\/logo\/image\/","url":"https:\/\/gemeinsam-fuer-morgen.eu\/wp-content\/uploads\/2020\/11\/cropped-Logo_ohneKasten_GfM-20201009-1.png","contentUrl":"https:\/\/gemeinsam-fuer-morgen.eu\/wp-content\/uploads\/2020\/11\/cropped-Logo_ohneKasten_GfM-20201009-1.png","width":9999,"height":4991,"caption":"Gemeinsam f\u00fcr Morgen"},"image":{"@id":"https:\/\/gemeinsam-fuer-morgen.eu\/#\/schema\/logo\/image\/"}}]}},"_links":{"self":[{"href":"https:\/\/gemeinsam-fuer-morgen.eu\/index.php?rest_route=\/wp\/v2\/pages\/1343","targetHints":{"allow":["GET"]}}],"collection":[{"href":"https:\/\/gemeinsam-fuer-morgen.eu\/index.php?rest_route=\/wp\/v2\/pages"}],"about":[{"href":"https:\/\/gemeinsam-fuer-morgen.eu\/index.php?rest_route=\/wp\/v2\/types\/page"}],"author":[{"embeddable":true,"href":"https:\/\/gemeinsam-fuer-morgen.eu\/index.php?rest_route=\/wp\/v2\/users\/2"}],"replies":[{"embeddable":true,"href":"https:\/\/gemeinsam-fuer-morgen.eu\/index.php?rest_route=%2Fwp%2Fv2%2Fcomments&post=1343"}],"version-history":[{"count":1,"href":"https:\/\/gemeinsam-fuer-morgen.eu\/index.php?rest_route=\/wp\/v2\/pages\/1343\/revisions"}],"predecessor-version":[{"id":1344,"href":"https:\/\/gemeinsam-fuer-morgen.eu\/index.php?rest_route=\/wp\/v2\/pages\/1343\/revisions\/1344"}],"wp:attachment":[{"href":"https:\/\/gemeinsam-fuer-morgen.eu\/index.php?rest_route=%2Fwp%2Fv2%2Fmedia&parent=1343"}],"curies":[{"name":"wp","href":"https:\/\/api.w.org\/{rel}","templated":true}]}}